{"id":2542,"date":"2016-02-26T11:43:35","date_gmt":"2016-02-26T11:43:35","guid":{"rendered":"http:\/\/radixcloud.com\/?page_id=2542"},"modified":"2016-04-19T14:14:53","modified_gmt":"2016-04-19T14:14:53","slug":"microsoft-crm-hamburgwork","status":"publish","type":"page","link":"https:\/\/radixcloud.com\/fr\/microsoft-crm-hamburgwork\/","title":{"rendered":"Microsof"},"content":{"rendered":"<p><\/a><\/h3>\n                <div class=\"text-muted text-small\"><i class=\"fas fa-copy\"><\/i> 1 fichier\u00b7s <i class=\"fas fa-hdd ml-3\"><\/i> 988.26 KB<\/div>\n            <\/div>\n            <div class=\"ml-3\">\n                <a class='wpdm-download-link download-on-click btn btn-primary ' rel='nofollow' href='#' data-downloadurl=\"https:\/\/radixcloud.com\/fr\/download\/ms-dynamics-crm-en\/?wpdmdl=2678&refresh=69e3a9e55232b1776527845\">T\u00e9l\u00e9charger<\/a>\n            <\/div>\n        <\/div>\n    <\/div>\n<\/div>\n\n<\/div>\n<p>[\/vc_column_text][\/vc_column_inner][vc_column_inner width=\u00a0\u00bb1\/2&Prime; css=\u00a0\u00bb.vc_custom_1444142890348{margin-top: 0px !important;margin-right: 0px !important;margin-bottom: 0px !important;margin-left: 0px !important;border-top-width: 0px !important;border-right-width: 0px !important;border-bottom-width: 0px !important;border-left-width: 0px !important;padding-top: 0px !important;padding-right: 0px !important;padding-bottom: 0px !important;padding-left: 0px !important;}\u00a0\u00bb][vc_column_text css=\u00a0\u00bb.vc_custom_1444143254082{margin-top: 0px !important;margin-right: 0px !important;margin-bottom: 0px !important;margin-left: 0px !important;border-top-width: 0px !important;border-right-width: 0px !important;border-bottom-width: 0px !important;border-left-width: 0px !important;padding-top: 5% !important;padding-right: 0px !important;padding-bottom: 20px !important;padding-left: 0px !important;}\u00a0\u00bb]<\/p>\n<h1 style=\"text-align: center;\"><span style=\"color: #00ccff;\">MORE INFORMATION?<\/span><\/h1>\n<p>[\/vc_column_text][vc_single_image image=\u00a0\u00bb659&Prime; img_size=\u00a0\u00bbmedium\u00a0\u00bb alignment=\u00a0\u00bbcenter\u00a0\u00bb css=\u00a0\u00bb.vc_custom_1444143140810{margin-top: 0px !important;margin-right: 0px !important;margin-bottom: 0px !important;margin-left: 0px !important;border-top-width: 0px !important;border-right-width: 0px !important;border-bottom-width: 0px !important;border-left-width: 0px !important;padding-top: 0px !important;padding-right: 0px !important;padding-bottom: 0px !important;padding-left: 0px !important;}\u00a0\u00bb][vc_column_text css=\u00a0\u00bb.vc_custom_1444143223382{margin-top: 0px !important;margin-right: 0px !important;margin-bottom: 0px !important;margin-left: 0px !important;border-top-width: 0px !important;border-right-width: 0px !important;border-bottom-width: 0px !important;border-left-width: 0px !important;padding-top: 20px !important;padding-right: 20px !important;padding-bottom: 5% !important;padding-left: 20px !important;}\u00a0\u00bb]<\/p>\n<p style=\"text-align: center;\">Contact us to get more information &#8230;<\/p>\n<p>[\/vc_column_text][\/vc_column_inner][\/vc_row_inner][\/vc_column][\/vc_row]M<\/a><\/h3>\n                <div class=\"text-muted text-small\"><i class=\"fas fa-copy\"><\/i> 1 fichier\u00b7s <i class=\"fas fa-hdd ml-3\"><\/i> 727.08 KB<\/div>\n            <\/div>\n            <div class=\"ml-3\">\n                <a class='wpdm-download-link download-on-click btn btn-primary ' rel='nofollow' href='#' data-downloadurl=\"https:\/\/radixcloud.com\/fr\/download\/microsoft-crm-hw-deutsch\/?wpdmdl=2674&refresh=69e3a9e554fad1776527845\">T\u00e9l\u00e9charger<\/a>\n            <\/div>\n        <\/div>\n    <\/div>\n<\/div>\n\n<\/div>\n<p>[\/vc_column_text][\/vc_column_inner][vc_column_inner width=\u00a0\u00bb1\/2&Prime; css=\u00a0\u00bb.vc_custom_1444142890348{margin-top: 0px !important;margin-right: 0px !important;margin-bottom: 0px !important;margin-left: 0px !important;border-top-width: 0px !important;border-right-width: 0px !important;border-bottom-width: 0px !important;border-left-width: 0px !important;padding-top: 0px !important;padding-right: 0px !important;padding-bottom: 0px !important;padding-left: 0px !important;}\u00a0\u00bb][vc_column_text css=\u00a0\u00bb.vc_custom_1461074768466{margin-top: 0px !important;margin-right: 0px !important;margin-bottom: 0px !important;margin-left: 0px !important;border-top-width: 0px !important;border-right-width: 0px !important;border-bottom-width: 0px !important;border-left-width: 0px !important;padding-top: 5% !important;padding-right: 0px !important;padding-bottom: 20px !important;padding-left: 0px !important;}\u00a0\u00bb]<\/p>\n<h1 style=\"text-align: center;\"><span style=\"color: #00ccff;\">Mehr Informationen?<\/span><\/h1>\n<p>[\/vc_column_text][vc_single_image image=\u00a0\u00bb659&Prime; img_size=\u00a0\u00bbmedium\u00a0\u00bb alignment=\u00a0\u00bbcenter\u00a0\u00bb css=\u00a0\u00bb.vc_custom_1444143140810{margin-top: 0px !important;margin-right: 0px !important;margin-bottom: 0px !important;margin-left: 0px !important;border-top-width: 0px !important;border-right-width: 0px !important;border-bottom-width: 0px !important;border-left-width: 0px !important;padding-top: 0px !important;padding-right: 0px !important;padding-bottom: 0px !important;padding-left: 0px !important;}\u00a0\u00bb][vc_column_text css=\u00a0\u00bb.vc_custom_1461074848358{margin-top: 0px !important;margin-right: 0px !important;margin-bottom: 0px !important;margin-left: 0px !important;border-top-width: 0px !important;border-right-width: 0px !important;border-bottom-width: 0px !important;border-left-width: 0px !important;padding-top: 20px !important;padding-right: 20px !important;padding-bottom: 5% !important;padding-left: 20px !important;}\u00a0\u00bb]<\/p>\n<p style=\"text-align: center;\">F\u00fcr mehr Informationen kontaktieren Sie bitte<br \/>\nMark Nerlich<br \/>\nE-mail: M&#x61;&#x72;k&#46;&#x4e;e&#114;&#x6c;&#x69;c&#x68;&#x40;r&#97;&#x64;i&#120;&#x63;&#x6c;o&#x75;&#x64;.&#99;&#x6f;m<br \/>\nTelefon: +49 (0) 163 878 7945<\/p>\n<p>[\/vc_column_text][\/vc_column_inner][\/vc_row_inner][\/vc_column][\/vc_row]<\/p>","protected":false},"excerpt":{"rendered":"<p>D\u00e9sol\u00e9, cet article est seulement disponible en anglais am\u00e9ricain et allemand.<\/p>\n","protected":false},"author":8,"featured_media":0,"parent":0,"menu_order":0,"comment_status":"closed","ping_status":"closed","template":"","meta":{"_mi_skip_tracking":false,"_exactmetrics_sitenote_active":false,"_exactmetrics_sitenote_note":"","_exactmetrics_sitenote_category":0,"footnotes":""},"yoast_head":"<!-- This site is optimized with the Yoast SEO plugin v21.2 - https:\/\/yoast.com\/wordpress\/plugins\/seo\/ -->\n<title>Microsof | Radix Cloud<\/title>\n<meta name=\"robots\" content=\"index, follow, max-snippet:-1, max-image-preview:large, max-video-preview:-1\" \/>\n<link rel=\"canonical\" href=\"https:\/\/radixcloud.com\/en\/microsoft-crm-hamburgwork\/\" \/>\n<meta property=\"og:locale\" content=\"fr_FR\" \/>\n<meta property=\"og:type\" content=\"article\" \/>\n<meta property=\"og:title\" content=\"Microsof | Radix Cloud\" \/>\n<meta property=\"og:description\" content=\"D\u00e9sol\u00e9, cet article est seulement disponible en anglais am\u00e9ricain et allemand.\" \/>\n<meta property=\"og:url\" content=\"https:\/\/radixcloud.com\/en\/microsoft-crm-hamburgwork\/\" \/>\n<meta property=\"og:site_name\" content=\"Radix Cloud\" \/>\n<meta property=\"article:publisher\" content=\"https:\/\/www.facebook.com\/radixtechnologies\" \/>\n<meta property=\"article:modified_time\" content=\"2016-04-19T14:14:53+00:00\" \/>\n<meta name=\"twitter:card\" content=\"summary_large_image\" \/>\n<meta name=\"twitter:site\" content=\"@RadixCloud\" \/>\n<meta name=\"twitter:label1\" content=\"Est. reading time\" \/>\n\t<meta name=\"twitter:data1\" content=\"20 minutes\" \/>\n<script type=\"application\/ld+json\" class=\"yoast-schema-graph\">{\"@context\":\"https:\/\/schema.org\",\"@graph\":[{\"@type\":\"WebPage\",\"@id\":\"https:\/\/radixcloud.com\/en\/microsoft-crm-hamburgwork\/\",\"url\":\"https:\/\/radixcloud.com\/en\/microsoft-crm-hamburgwork\/\",\"name\":\"Microsof | Radix Cloud\",\"isPartOf\":{\"@id\":\"https:\/\/radixcloud.com\/en\/#website\"},\"datePublished\":\"2016-02-26T11:43:35+00:00\",\"dateModified\":\"2016-04-19T14:14:53+00:00\",\"breadcrumb\":{\"@id\":\"https:\/\/radixcloud.com\/en\/microsoft-crm-hamburgwork\/#breadcrumb\"},\"inLanguage\":\"fr-FR\",\"potentialAction\":[{\"@type\":\"ReadAction\",\"target\":[\"https:\/\/radixcloud.com\/en\/microsoft-crm-hamburgwork\/\"]}]},{\"@type\":\"BreadcrumbList\",\"@id\":\"https:\/\/radixcloud.com\/en\/microsoft-crm-hamburgwork\/#breadcrumb\",\"itemListElement\":[{\"@type\":\"ListItem\",\"position\":1,\"name\":\"Home\",\"item\":\"https:\/\/radixcloud.com\/en\/\"},{\"@type\":\"ListItem\",\"position\":2,\"name\":\"Microsoft CRM H@W\"}]},{\"@type\":\"WebSite\",\"@id\":\"https:\/\/radixcloud.com\/en\/#website\",\"url\":\"https:\/\/radixcloud.com\/en\/\",\"name\":\"Radix Cloud\",\"description\":\"Managed Services for the Cloud\",\"publisher\":{\"@id\":\"https:\/\/radixcloud.com\/en\/#organization\"},\"potentialAction\":[{\"@type\":\"SearchAction\",\"target\":{\"@type\":\"EntryPoint\",\"urlTemplate\":\"https:\/\/radixcloud.com\/en\/?s={search_term_string}\"},\"query-input\":\"required name=search_term_string\"}],\"inLanguage\":\"fr-FR\"},{\"@type\":\"Organization\",\"@id\":\"https:\/\/radixcloud.com\/en\/#organization\",\"name\":\"Radix Cloud Technologies\",\"url\":\"https:\/\/radixcloud.com\/en\/\",\"logo\":{\"@type\":\"ImageObject\",\"inLanguage\":\"fr-FR\",\"@id\":\"https:\/\/radixcloud.com\/en\/#\/schema\/logo\/image\/\",\"url\":\"https:\/\/radixcloud.com\/wp-content\/uploads\/2015\/08\/radix_cloud_logo_x2.png\",\"contentUrl\":\"https:\/\/radixcloud.com\/wp-content\/uploads\/2015\/08\/radix_cloud_logo_x2.png\",\"width\":298,\"height\":120,\"caption\":\"Radix Cloud Technologies\"},\"image\":{\"@id\":\"https:\/\/radixcloud.com\/en\/#\/schema\/logo\/image\/\"},\"sameAs\":[\"https:\/\/www.facebook.com\/radixtechnologies\",\"https:\/\/twitter.com\/RadixCloud\",\"https:\/\/www.linkedin.com\/company\/radix-technologies_2?trk=nav_account_sub_nav_company_admin\"]}]}<\/script>\n<!-- \/ Yoast SEO plugin. -->","yoast_head_json":{"title":"Microsof | Radix Cloud","robots":{"index":"index","follow":"follow","max-snippet":"max-snippet:-1","max-image-preview":"max-image-preview:large","max-video-preview":"max-video-preview:-1"},"canonical":"https:\/\/radixcloud.com\/en\/microsoft-crm-hamburgwork\/","og_locale":"fr_FR","og_type":"article","og_title":"Microsof | Radix Cloud","og_description":"D\u00e9sol\u00e9, cet article est seulement disponible en anglais am\u00e9ricain et allemand.","og_url":"https:\/\/radixcloud.com\/en\/microsoft-crm-hamburgwork\/","og_site_name":"Radix Cloud","article_publisher":"https:\/\/www.facebook.com\/radixtechnologies","article_modified_time":"2016-04-19T14:14:53+00:00","twitter_card":"summary_large_image","twitter_site":"@RadixCloud","twitter_misc":{"Est. reading time":"20 minutes"},"schema":{"@context":"https:\/\/schema.org","@graph":[{"@type":"WebPage","@id":"https:\/\/radixcloud.com\/en\/microsoft-crm-hamburgwork\/","url":"https:\/\/radixcloud.com\/en\/microsoft-crm-hamburgwork\/","name":"Microsof | Radix Cloud","isPartOf":{"@id":"https:\/\/radixcloud.com\/en\/#website"},"datePublished":"2016-02-26T11:43:35+00:00","dateModified":"2016-04-19T14:14:53+00:00","breadcrumb":{"@id":"https:\/\/radixcloud.com\/en\/microsoft-crm-hamburgwork\/#breadcrumb"},"inLanguage":"fr-FR","potentialAction":[{"@type":"ReadAction","target":["https:\/\/radixcloud.com\/en\/microsoft-crm-hamburgwork\/"]}]},{"@type":"BreadcrumbList","@id":"https:\/\/radixcloud.com\/en\/microsoft-crm-hamburgwork\/#breadcrumb","itemListElement":[{"@type":"ListItem","position":1,"name":"Home","item":"https:\/\/radixcloud.com\/en\/"},{"@type":"ListItem","position":2,"name":"Microsoft CRM H@W"}]},{"@type":"WebSite","@id":"https:\/\/radixcloud.com\/en\/#website","url":"https:\/\/radixcloud.com\/en\/","name":"Radix Cloud","description":"Managed Services for the Cloud","publisher":{"@id":"https:\/\/radixcloud.com\/en\/#organization"},"potentialAction":[{"@type":"SearchAction","target":{"@type":"EntryPoint","urlTemplate":"https:\/\/radixcloud.com\/en\/?s={search_term_string}"},"query-input":"required name=search_term_string"}],"inLanguage":"fr-FR"},{"@type":"Organization","@id":"https:\/\/radixcloud.com\/en\/#organization","name":"Radix Cloud Technologies","url":"https:\/\/radixcloud.com\/en\/","logo":{"@type":"ImageObject","inLanguage":"fr-FR","@id":"https:\/\/radixcloud.com\/en\/#\/schema\/logo\/image\/","url":"https:\/\/radixcloud.com\/wp-content\/uploads\/2015\/08\/radix_cloud_logo_x2.png","contentUrl":"https:\/\/radixcloud.com\/wp-content\/uploads\/2015\/08\/radix_cloud_logo_x2.png","width":298,"height":120,"caption":"Radix Cloud Technologies"},"image":{"@id":"https:\/\/radixcloud.com\/en\/#\/schema\/logo\/image\/"},"sameAs":["https:\/\/www.facebook.com\/radixtechnologies","https:\/\/twitter.com\/RadixCloud","https:\/\/www.linkedin.com\/company\/radix-technologies_2?trk=nav_account_sub_nav_company_admin"]}]}},"_links":{"self":[{"href":"https:\/\/radixcloud.com\/fr\/wp-json\/wp\/v2\/pages\/2542"}],"collection":[{"href":"https:\/\/radixcloud.com\/fr\/wp-json\/wp\/v2\/pages"}],"about":[{"href":"https:\/\/radixcloud.com\/fr\/wp-json\/wp\/v2\/types\/page"}],"author":[{"embeddable":true,"href":"https:\/\/radixcloud.com\/fr\/wp-json\/wp\/v2\/users\/8"}],"replies":[{"embeddable":true,"href":"https:\/\/radixcloud.com\/fr\/wp-json\/wp\/v2\/comments?post=2542"}],"version-history":[{"count":12,"href":"https:\/\/radixcloud.com\/fr\/wp-json\/wp\/v2\/pages\/2542\/revisions"}],"predecessor-version":[{"id":2684,"href":"https:\/\/radixcloud.com\/fr\/wp-json\/wp\/v2\/pages\/2542\/revisions\/2684"}],"wp:attachment":[{"href":"https:\/\/radixcloud.com\/fr\/wp-json\/wp\/v2\/media?parent=2542"}],"curies":[{"name":"wp","href":"https:\/\/api.w.org\/{rel}","templated":true}]}}