{"id":28,"date":"2015-08-17T21:46:07","date_gmt":"2015-08-17T21:46:07","guid":{"rendered":"http:\/\/dev.blog.radixsky.net\/?page_id=28"},"modified":"2017-11-13T13:49:00","modified_gmt":"2017-11-13T13:49:00","slug":"home","status":"publish","type":"page","link":"https:\/\/radixcloud.com\/fr\/","title":{"rendered":"Home"},"content":{"rendered":"<p>[vc_row full_height=\u00a0\u00bbyes\u00a0\u00bb row_fullwidth=\u00a0\u00bb1&Prime; row_fullheight=\u00a0\u00bb1&Prime; row_zero_column_space=\u00a0\u00bb1&Prime; css=\u00a0\u00bb.vc_custom_1440122098871{margin-top: 0px !important;margin-right: 0px !important;margin-bottom: 0px !important;margin-left: 0px !important;border-top-width: 0px !important;border-right-width: 0px !important;border-bottom-width: 0px !important;border-left-width: 0px !important;padding-top: 0px !important;padding-right: 0px !important;padding-bottom: 0px !important;padding-left: 0px !important;background-color: #e8e8e8 !important;border-left-color: #ffffff !important;border-right-color: #ffffff !important;border-top-color: #ffffff !important;border-bottom-color: #ffffff !important;}\u00a0\u00bb][vc_column css=\u00a0\u00bb.vc_custom_1440096922928{margin-top: 0px !important;margin-right: 0px !important;margin-bottom: 0px !important;margin-left: 0px !important;border-top-width: 0px !important;border-right-width: 0px !important;border-bottom-width: 0px !important;border-left-width: 0px !important;padding-top: 0px !important;padding-right: 0px !important;padding-bottom: 0px !important;padding-left: 0px !important;}\u00a0\u00bb][vc_column_text css=\u00a0\u00bb.vc_custom_1440609333374{margin-top: 0px !important;margin-right: 0px !important;margin-bottom: 0px !important;margin-left: 0px !important;border-top-width: 0px !important;border-right-width: 0px !important;border-bottom-width: 0px !important;border-left-width: 0px !important;padding-top: 0px !important;padding-right: 0px !important;padding-bottom: 0px !important;padding-left: 0px !important;}\u00a0\u00bb]<\/p>\n<p>[masterslider id=\u00a0\u00bb10&Prime;]<\/p>\n<p>[\/vc_column_text][\/vc_column][\/vc_row][vc_row row_fullwidth=\u00a0\u00bb1&Prime; row_vertical_center=\u00a0\u00bb1&Prime; row_zero_column_space=\u00a0\u00bb1&Prime; css=\u00a0\u00bb.vc_custom_1440008346930{margin-top: 0px !important;margin-right: 0px !important;margin-bottom: 0px !important;margin-left: 0px !important;border-top-width: 0px !important;border-right-width: 0px !important;border-bottom-width: 0px !important;border-left-width: 0px !important;padding-top: 3% !important;padding-right: 3% !important;padding-bottom: 0px !important;padding-left: 3% !important;background-image: url(https:\/\/dev.blog.radixsky.net\/wp-content\/uploads\/2015\/08\/what_we_do_bkg_home.png?id=178) !important;background-position: center !important;background-repeat: no-repeat !important;background-size: cover !important;}\u00a0\u00bb el_class=\u00a0\u00bbsection2_row1&Prime;][vc_column width=\u00a0\u00bb1\/2&Prime; css=\u00a0\u00bb.vc_custom_1439995319052{margin-top: 0px !important;margin-right: 0px !important;margin-bottom: 0px !important;margin-left: 0px !important;border-top-width: 0px !important;border-right-width: 0px !important;border-bottom-width: 0px !important;border-left-width: 0px !important;padding-top: 0px !important;padding-right: 0px !important;padding-bottom: 0px !important;padding-left: 0px !important;}\u00a0\u00bb][vc_single_image image=\u00a0\u00bb1888&Prime; img_size=\u00a0\u00bbfull\u00a0\u00bb alignment=\u00a0\u00bbcenter\u00a0\u00bb css_animation=\u00a0\u00bbappear\u00a0\u00bb img_animated=\u00a0\u00bbyes\u00a0\u00bb css=\u00a0\u00bb.vc_custom_1443103586912{margin-top: 0px !important;margin-right: 0px !important;margin-bottom: 0px !important;margin-left: 0px !important;border-top-width: 0px !important;border-right-width: 0px !important;border-bottom-width: 0px !important;border-left-width: 0px !important;padding-top: 0px !important;padding-right: 0px !important;padding-bottom: 0px !important;padding-left: 0px !important;}\u00a0\u00bb][\/vc_column][vc_column width=\u00a0\u00bb1\/2&Prime; css=\u00a0\u00bb.vc_custom_1439995415066{margin-top: 0px !important;margin-right: 0px !important;margin-bottom: 0px !important;margin-left: 0px !important;border-top-width: 0px !important;border-right-width: 0px !important;border-bottom-width: 0px !important;border-left-width: 0px !important;padding-top: 0px !important;padding-right: 0px !important;padding-bottom: 0px !important;padding-left: 5% !important;}\u00a0\u00bb][vc_column_text css=\u00a0\u00bb.vc_custom_1441136794866{margin-top: 0px !important;margin-right: 0px !important;margin-bottom: 0px !important;margin-left: 0px !important;border-top-width: 0px !important;border-right-width: 0px !important;border-bottom-width: 0px !important;border-left-width: 0px !important;padding-top: 0px !important;padding-right: 0px !important;padding-bottom: 0px !important;padding-left: 0px !important;}\u00a0\u00bb]<\/p>\n<p>[masterslider id=\u00a0\u00bb26&Prime;]<\/p>\n<p>[\/vc_column_text][\/vc_column][\/vc_row][vc_row parallax=\u00a0\u00bbcontent-moving\u00a0\u00bb row_fullwidth=\u00a0\u00bb1&Prime; row_vertical_center=\u00a0\u00bb1&Prime; row_zero_column_space=\u00a0\u00bb1&Prime; bg_parallax=\u00a0\u00bbon\u00a0\u00bb css=\u00a0\u00bb.vc_custom_1489247778826{margin-top: 0px !important;margin-right: 0px !important;margin-bottom: 0px !important;margin-left: 0px !important;border-top-width: 0px !important;border-right-width: 0px !important;border-bottom-width: 0px !important;border-left-width: 0px !important;padding-top: 0px !important;padding-right: 0px !important;padding-bottom: 0px !important;padding-left: 0px !important;background: #000000 url(https:\/\/dev.blog.radixsky.net\/wp-content\/uploads\/2015\/08\/home_partner_bkg.jpg?id=1132);background-position: center;background-repeat: no-repeat !important;background-size: cover !important;}\u00a0\u00bb][vc_column width=\u00a0\u00bb1\/2&Prime;][vc_column_text css_animation=\u00a0\u00bbleft-to-right\u00a0\u00bb css=\u00a0\u00bb.vc_custom_1451845037699{margin-top: 0px !important;margin-right: 0px !important;margin-bottom: 0px !important;margin-left: 0px !important;border-top-width: 0px !important;border-right-width: 0px !important;border-bottom-width: 0px !important;border-left-width: 0px !important;padding-top: 8% !important;padding-right: 15% !important;padding-bottom: 0px !important;padding-left: 8% !important;}\u00a0\u00bb]<\/p>\n<h1 style=\"font-weight: 100; line-height: 1.1em; font-size: 60px; text-align: left;\"><span style=\"color: #ffffff;\">D\u00e9placez-vous vers le Cloud avec un partenaire exp\u00e9riment\u00e9 pour vous soutenir<\/span><\/h1>\n<p>[\/vc_column_text][vc_column_text css_animation=\u00a0\u00bbleft-to-right\u00a0\u00bb css=\u00a0\u00bb.vc_custom_1451845117481{margin-top: 0px !important;margin-right: 0px !important;margin-bottom: 0px !important;margin-left: 0px !important;border-top-width: 0px !important;border-right-width: 0px !important;border-bottom-width: 0px !important;border-left-width: 0px !important;padding-top: 8% !important;padding-right: 15% !important;padding-bottom: 8% !important;padding-left: 8% !important;}\u00a0\u00bb]<\/p>\n<h2><span style=\"color: #ffffff;\">Expert en Cloud depuis 2006<\/span><\/h2>\n<p>Lors de la s\u00e9lection d\u2019un partenaire avec lequel vous voudriez passer au Cloud, il est important d\u2019envisager plusieurs facteurs, \u00a0et non seulement de leur exp\u00e9rience au niveau d\u2019 une application.<\/p>\n<p>Le bon partenaire sera en mesure de vous fournir tous les services n\u00e9cessaires sur\u00a0 l\u2019application et non seulement l\u2019application elle-m\u00eame.<\/p>\n<p>Radix est un fournisseur du Cloud qui peut vous offrir un service Cloud complet. Grace \u00e0 nos 10 ans d\u2019exp\u00e9rience sur le Cloud, nous avons aid\u00e9 de nombreux clients \u00e0 se d\u00e9placer \u00e0 un h\u00e9bergement plus efficace et plus \u00e9volutif.<\/p>\n<p>D\u00e9placer des environnements de pr\u00e9-production et de production, tout en fournissant de la gestion et du soutien 24\/7 dans le monde entier, ne sont que quelques exemples de ce que nous avons fait depuis les 10 derni\u00e8res ann\u00e9es. Nous offrons une combinaison de l\u2019infrastructure, des services g\u00e9r\u00e9s, d\u2019automatisation et de SaaS pour fournir un service du Cloud complet et s\u00e9curis\u00e9.[\/vc_column_text][\/vc_column][vc_column width=\u00a0\u00bb1\/2&Prime; el_class=\u00a0\u00bbsection3_column2&Prime; css=\u00a0\u00bb.vc_custom_1440086823199{margin-top: 0px !important;margin-right: 0px !important;margin-bottom: 0px !important;margin-left: 0px !important;padding-top: 0px !important;padding-right: 0px !important;padding-bottom: 0px !important;padding-left: 0px !important;}\u00a0\u00bb][vc_column_text css_animation=\u00a0\u00bbappear\u00a0\u00bb css=\u00a0\u00bb.vc_custom_1440087180419{margin-top: 0px !important;margin-right: 0px !important;margin-bottom: 0px !important;margin-left: 0px !important;padding-top: 0px !important;padding-right: 6% !important;padding-bottom: 5% !important;padding-left: 6% !important;}\u00a0\u00bb el_class=\u00a0\u00bbsection3_column1_content\u00a0\u00bb]<\/p>\n<p style=\"text-align: center;\">[masterslider id=\u00a0\u00bb9&Prime;]<\/p>\n<p>[\/vc_column_text][\/vc_column][\/vc_row][vc_row row_fullwidth=\u00a0\u00bb1&Prime; row_vertical_center=\u00a0\u00bb1&Prime; row_zero_column_space=\u00a0\u00bb1&Prime; css=\u00a0\u00bb.vc_custom_1439948657990{margin-top: 0px !important;margin-right: 0px !important;margin-bottom: 0px !important;margin-left: 0px !important;border-top-width: 0px !important;border-right-width: 0px !important;border-bottom-width: 0px !important;border-left-width: 0px !important;padding-top: 0px !important;padding-right: 0px !important;padding-bottom: 0px !important;padding-left: 0px !important;}\u00a0\u00bb][vc_column width=\u00a0\u00bb1\/3&Prime; css=\u00a0\u00bb.vc_custom_1440163931587{margin-top: 0px !important;margin-right: 0px !important;margin-bottom: 0px !important;margin-left: 0px !important;border-top-width: 0px !important;border-right-width: 0px !important;border-bottom-width: 0px !important;border-left-width: 0px !important;padding-top: 0px !important;padding-right: 0px !important;padding-bottom: 0px !important;padding-left: 0px !important;background-image: url(https:\/\/dev.blog.radixsky.net\/wp-content\/uploads\/2015\/08\/news_home_new3_bkg.jpg?id=437) !important;background-position: center !important;background-repeat: no-repeat !important;background-size: cover !important;}\u00a0\u00bb el_class=\u00a0\u00bbsection4_column1&Prime;][vc_column_text css_animation=\u00a0\u00bbtop-to-bottom\u00a0\u00bb css=\u00a0\u00bb.vc_custom_1440609365655{margin-top: 0px !important;margin-right: 0px !important;margin-bottom: 0px !important;margin-left: 0px !important;padding-top: 5% !important;padding-right: 6% !important;padding-bottom: 0px !important;padding-left: 6% !important;}\u00a0\u00bb]<\/p>\n<h2 style=\"text-align: left;\">NEWS \/ BLOG<\/h2>\n<p>[\/vc_column_text][vc_column_text css_animation=\u00a0\u00bbtop-to-bottom\u00a0\u00bb css=\u00a0\u00bb.vc_custom_1440015301136{margin-top: 0px !important;margin-right: 0px !important;margin-bottom: 0px !important;margin-left: 0px !important;padding-top: 0px !important;padding-right: 30% !important;padding-bottom: 0px !important;padding-left: 6% !important;}\u00a0\u00bb]<\/p>\n<p>[masterslider id=\u00a0\u00bb8&Prime;]<\/p>\n<p>[\/vc_column_text][\/vc_column][vc_column width=\u00a0\u00bb1\/3&Prime; css=\u00a0\u00bb.vc_custom_1440003037393{margin-top: 0px !important;margin-right: 0px !important;margin-bottom: 0px !important;margin-left: 0px !important;border-top-width: 0px !important;border-right-width: 0px !important;border-bottom-width: 0px !important;border-left-width: 0px !important;padding-top: 0px !important;padding-right: 0px !important;padding-bottom: 0px !important;padding-left: 0px !important;background-image: url(https:\/\/dev.blog.radixsky.net\/wp-content\/uploads\/2015\/08\/home_apps_bg.jpg?id=277) !important;background-position: center !important;background-repeat: no-repeat !important;background-size: cover !important;}\u00a0\u00bb el_class=\u00a0\u00bbsection4_column2&Prime;][vc_column_text css_animation=\u00a0\u00bbtop-to-bottom\u00a0\u00bb css=\u00a0\u00bb.vc_custom_1482262706508{margin-top: 0px !important;margin-right: 0px !important;margin-left: 0px !important;padding-top: 5% !important;padding-right: 6% !important;padding-bottom: 0px !important;padding-left: 6% !important;}\u00a0\u00bb]<\/p>\n<h2 style=\"text-align: left;\">TRIED &amp; TESTED CLOUD APPLICATIONS<\/h2>\n<p>[\/vc_column_text][vc_column_text css_animation=\u00a0\u00bbtop-to-bottom\u00a0\u00bb css=\u00a0\u00bb.vc_custom_1439947505489{margin-top: 0px !important;margin-right: 0px !important;margin-bottom: 0px !important;margin-left: 0px !important;border-top-width: 0px !important;border-right-width: 0px !important;border-bottom-width: 0px !important;border-left-width: 0px !important;padding-top: 0px !important;padding-right: 0px !important;padding-bottom: 0px !important;padding-left: 0px !important;}\u00a0\u00bb]<\/p>\n<p style=\"text-align: center;\">[masterslider id=\u00a0\u00bb4&Prime;]<\/p>\n<p>[\/vc_column_text][\/vc_column][vc_column width=\u00a0\u00bb1\/3&Prime; css=\u00a0\u00bb.vc_custom_1482262585708{margin-top: 0px !important;margin-right: 0px !important;margin-bottom: 0px !important;margin-left: 0px !important;border-top-width: 0px !important;border-right-width: 0px !important;border-bottom-width: 0px !important;border-left-width: 0px !important;padding-top: 0px !important;padding-right: 0px !important;padding-bottom: 80px !important;padding-left: 0px !important;background-image: url(https:\/\/dev.blog.radixsky.net\/wp-content\/uploads\/2015\/08\/contact_home_new1_bkg.jpg?id=439) !important;background-position: center !important;background-repeat: no-repeat !important;background-size: cover !important;}\u00a0\u00bb el_class=\u00a0\u00bbsection4_column3&Prime;][vc_column_text css_animation=\u00a0\u00bbtop-to-bottom\u00a0\u00bb css=\u00a0\u00bb.vc_custom_1440609382593{margin-top: 0px !important;margin-right: 0px !important;margin-bottom: 0px !important;margin-left: 0px !important;padding-top: 5% !important;padding-right: 6% !important;padding-bottom: 0px !important;padding-left: 6% !important;}\u00a0\u00bb]<\/p>\n<h2 style=\"text-align: left;\">READY TO MAKE A DECISION?<\/h2>\n<p>[\/vc_column_text][vc_column_text css_animation=\u00a0\u00bbtop-to-bottom\u00a0\u00bb css=\u00a0\u00bb.vc_custom_1440088053708{margin-top: 0px !important;margin-right: 0px !important;margin-bottom: 0px !important;margin-left: 0px !important;padding-top: 6% !important;padding-right: 40% !important;padding-bottom: 0px !important;padding-left: 6% !important;}\u00a0\u00bb]<\/p>\n<p style=\"text-align: left;\">Our friendly customer service representatives are available 24\/7 to answer all your questions and assist you with your\u00a0decision.<\/p>\n<p>[\/vc_column_text][vc_column_text css_animation=\u00a0\u00bbtop-to-bottom\u00a0\u00bb css=\u00a0\u00bb.vc_custom_1440088206707{margin-top: 0px !important;margin-right: 0px !important;margin-bottom: 0px !important;margin-left: 0px !important;border-top-width: 0px !important;border-right-width: 0px !important;border-bottom-width: 0px !important;border-left-width: 0px !important;padding-top: 5% !important;padding-right: 0px !important;padding-bottom: 0px !important;padding-left: 6% !important;}\u00a0\u00bb]<\/p>\n<div style=\"text-align: center;\">\n<p style=\"text-align: left; font-weight: 300; margin-bottom: 0px; margin-top: 0px; padding: 0px 0px 0px 0px;\"><a style=\"padding: 5px 15px; background: #666; text-decoration: none; color: #fff; border-radius: 3px;\" href=\"{{permalink}}\">CONTACT US<\/a><\/p>\n<\/div>\n<p>[\/vc_column_text][\/vc_column][\/vc_row]<\/p>","protected":false},"excerpt":{"rendered":"<p>[vc_row full_height=\u00a0\u00bbyes\u00a0\u00bb row_fullwidth=\u00a0\u00bb1&Prime; row_fullheight=\u00a0\u00bb1&Prime; row_zero_column_space=\u00a0\u00bb1&Prime; css=\u00a0\u00bb.vc_custom_1440122098871{margin-top: 0px !important;margin-right: 0px !important;margin-bottom: 0px !important;margin-left: 0px !important;border-top-width: 0px !important;border-right-width: 0px !important;border-bottom-width: 0px !important;border-left-width: 0px !important;padding-top: 0px !important;padding-right: 0px !important;padding-bottom: 0px !important;padding-left: 0px !important;background-color: [&hellip;]<\/p>\n","protected":false},"author":8,"featured_media":0,"parent":0,"menu_order":0,"comment_status":"open","ping_status":"open","template":"","meta":{"_mi_skip_tracking":false,"_exactmetrics_sitenote_active":false,"_exactmetrics_sitenote_note":"","_exactmetrics_sitenote_category":0,"footnotes":""},"yoast_head":"<!-- This site is optimized with the Yoast SEO plugin v21.2 - https:\/\/yoast.com\/wordpress\/plugins\/seo\/ -->\n<title>Radix Cloud | Swiss Cloud Provider<\/title>\n<meta name=\"description\" content=\"Radix is a Swiss Cloud provider that can provide a complete Cloud service. With our technical experience we can provide services across all Cloud models.\" \/>\n<meta name=\"robots\" content=\"index, follow, max-snippet:-1, max-image-preview:large, max-video-preview:-1\" \/>\n<link rel=\"canonical\" href=\"https:\/\/radixcloud.com\/en\/\" \/>\n<meta property=\"og:locale\" content=\"fr_FR\" \/>\n<meta property=\"og:type\" content=\"article\" \/>\n<meta property=\"og:title\" content=\"Radix Cloud | Swiss Cloud Provider\" \/>\n<meta property=\"og:description\" content=\"Radix is a Swiss Cloud provider that can provide a complete Cloud service. With our technical experience we can provide services across all Cloud models.\" \/>\n<meta property=\"og:url\" content=\"https:\/\/radixcloud.com\/en\/\" \/>\n<meta property=\"og:site_name\" content=\"Radix Cloud\" \/>\n<meta property=\"article:publisher\" content=\"https:\/\/www.facebook.com\/radixtechnologies\" \/>\n<meta property=\"article:modified_time\" content=\"2017-11-13T13:49:00+00:00\" \/>\n<meta name=\"twitter:card\" content=\"summary_large_image\" \/>\n<meta name=\"twitter:site\" content=\"@RadixCloud\" \/>\n<meta name=\"twitter:label1\" content=\"Est. reading time\" \/>\n\t<meta name=\"twitter:data1\" content=\"27 minutes\" \/>\n<script type=\"application\/ld+json\" class=\"yoast-schema-graph\">{\"@context\":\"https:\/\/schema.org\",\"@graph\":[{\"@type\":\"WebPage\",\"@id\":\"https:\/\/radixcloud.com\/en\/\",\"url\":\"https:\/\/radixcloud.com\/en\/\",\"name\":\"Radix Cloud | Swiss Cloud Provider\",\"isPartOf\":{\"@id\":\"https:\/\/radixcloud.com\/en\/#website\"},\"datePublished\":\"2015-08-17T21:46:07+00:00\",\"dateModified\":\"2017-11-13T13:49:00+00:00\",\"description\":\"Radix is a Swiss Cloud provider that can provide a complete Cloud service. With our technical experience we can provide services across all Cloud models.\",\"breadcrumb\":{\"@id\":\"https:\/\/radixcloud.com\/en\/#breadcrumb\"},\"inLanguage\":\"fr-FR\",\"potentialAction\":[{\"@type\":\"ReadAction\",\"target\":[\"https:\/\/radixcloud.com\/en\/\"]}]},{\"@type\":\"BreadcrumbList\",\"@id\":\"https:\/\/radixcloud.com\/en\/#breadcrumb\",\"itemListElement\":[{\"@type\":\"ListItem\",\"position\":1,\"name\":\"Home\",\"item\":\"https:\/\/radixcloud.com\/en\/\"},{\"@type\":\"ListItem\",\"position\":2,\"name\":\"Home\"}]},{\"@type\":\"WebSite\",\"@id\":\"https:\/\/radixcloud.com\/en\/#website\",\"url\":\"https:\/\/radixcloud.com\/en\/\",\"name\":\"Radix Cloud\",\"description\":\"Managed Services for the Cloud\",\"publisher\":{\"@id\":\"https:\/\/radixcloud.com\/en\/#organization\"},\"potentialAction\":[{\"@type\":\"SearchAction\",\"target\":{\"@type\":\"EntryPoint\",\"urlTemplate\":\"https:\/\/radixcloud.com\/en\/?s={search_term_string}\"},\"query-input\":\"required name=search_term_string\"}],\"inLanguage\":\"fr-FR\"},{\"@type\":\"Organization\",\"@id\":\"https:\/\/radixcloud.com\/en\/#organization\",\"name\":\"Radix Cloud Technologies\",\"url\":\"https:\/\/radixcloud.com\/en\/\",\"logo\":{\"@type\":\"ImageObject\",\"inLanguage\":\"fr-FR\",\"@id\":\"https:\/\/radixcloud.com\/en\/#\/schema\/logo\/image\/\",\"url\":\"https:\/\/radixcloud.com\/wp-content\/uploads\/2015\/08\/radix_cloud_logo_x2.png\",\"contentUrl\":\"https:\/\/radixcloud.com\/wp-content\/uploads\/2015\/08\/radix_cloud_logo_x2.png\",\"width\":298,\"height\":120,\"caption\":\"Radix Cloud Technologies\"},\"image\":{\"@id\":\"https:\/\/radixcloud.com\/en\/#\/schema\/logo\/image\/\"},\"sameAs\":[\"https:\/\/www.facebook.com\/radixtechnologies\",\"https:\/\/twitter.com\/RadixCloud\",\"https:\/\/www.linkedin.com\/company\/radix-technologies_2?trk=nav_account_sub_nav_company_admin\"]}]}<\/script>\n<!-- \/ Yoast SEO plugin. -->","yoast_head_json":{"title":"Radix Cloud | Swiss Cloud Provider","description":"Radix is a Swiss Cloud provider that can provide a complete Cloud service. With our technical experience we can provide services across all Cloud models.","robots":{"index":"index","follow":"follow","max-snippet":"max-snippet:-1","max-image-preview":"max-image-preview:large","max-video-preview":"max-video-preview:-1"},"canonical":"https:\/\/radixcloud.com\/en\/","og_locale":"fr_FR","og_type":"article","og_title":"Radix Cloud | Swiss Cloud Provider","og_description":"Radix is a Swiss Cloud provider that can provide a complete Cloud service. With our technical experience we can provide services across all Cloud models.","og_url":"https:\/\/radixcloud.com\/en\/","og_site_name":"Radix Cloud","article_publisher":"https:\/\/www.facebook.com\/radixtechnologies","article_modified_time":"2017-11-13T13:49:00+00:00","twitter_card":"summary_large_image","twitter_site":"@RadixCloud","twitter_misc":{"Est. reading time":"27 minutes"},"schema":{"@context":"https:\/\/schema.org","@graph":[{"@type":"WebPage","@id":"https:\/\/radixcloud.com\/en\/","url":"https:\/\/radixcloud.com\/en\/","name":"Radix Cloud | Swiss Cloud Provider","isPartOf":{"@id":"https:\/\/radixcloud.com\/en\/#website"},"datePublished":"2015-08-17T21:46:07+00:00","dateModified":"2017-11-13T13:49:00+00:00","description":"Radix is a Swiss Cloud provider that can provide a complete Cloud service. With our technical experience we can provide services across all Cloud models.","breadcrumb":{"@id":"https:\/\/radixcloud.com\/en\/#breadcrumb"},"inLanguage":"fr-FR","potentialAction":[{"@type":"ReadAction","target":["https:\/\/radixcloud.com\/en\/"]}]},{"@type":"BreadcrumbList","@id":"https:\/\/radixcloud.com\/en\/#breadcrumb","itemListElement":[{"@type":"ListItem","position":1,"name":"Home","item":"https:\/\/radixcloud.com\/en\/"},{"@type":"ListItem","position":2,"name":"Home"}]},{"@type":"WebSite","@id":"https:\/\/radixcloud.com\/en\/#website","url":"https:\/\/radixcloud.com\/en\/","name":"Radix Cloud","description":"Managed Services for the Cloud","publisher":{"@id":"https:\/\/radixcloud.com\/en\/#organization"},"potentialAction":[{"@type":"SearchAction","target":{"@type":"EntryPoint","urlTemplate":"https:\/\/radixcloud.com\/en\/?s={search_term_string}"},"query-input":"required name=search_term_string"}],"inLanguage":"fr-FR"},{"@type":"Organization","@id":"https:\/\/radixcloud.com\/en\/#organization","name":"Radix Cloud Technologies","url":"https:\/\/radixcloud.com\/en\/","logo":{"@type":"ImageObject","inLanguage":"fr-FR","@id":"https:\/\/radixcloud.com\/en\/#\/schema\/logo\/image\/","url":"https:\/\/radixcloud.com\/wp-content\/uploads\/2015\/08\/radix_cloud_logo_x2.png","contentUrl":"https:\/\/radixcloud.com\/wp-content\/uploads\/2015\/08\/radix_cloud_logo_x2.png","width":298,"height":120,"caption":"Radix Cloud Technologies"},"image":{"@id":"https:\/\/radixcloud.com\/en\/#\/schema\/logo\/image\/"},"sameAs":["https:\/\/www.facebook.com\/radixtechnologies","https:\/\/twitter.com\/RadixCloud","https:\/\/www.linkedin.com\/company\/radix-technologies_2?trk=nav_account_sub_nav_company_admin"]}]}},"_links":{"self":[{"href":"https:\/\/radixcloud.com\/fr\/wp-json\/wp\/v2\/pages\/28"}],"collection":[{"href":"https:\/\/radixcloud.com\/fr\/wp-json\/wp\/v2\/pages"}],"about":[{"href":"https:\/\/radixcloud.com\/fr\/wp-json\/wp\/v2\/types\/page"}],"author":[{"embeddable":true,"href":"https:\/\/radixcloud.com\/fr\/wp-json\/wp\/v2\/users\/8"}],"replies":[{"embeddable":true,"href":"https:\/\/radixcloud.com\/fr\/wp-json\/wp\/v2\/comments?post=28"}],"version-history":[{"count":280,"href":"https:\/\/radixcloud.com\/fr\/wp-json\/wp\/v2\/pages\/28\/revisions"}],"predecessor-version":[{"id":7894,"href":"https:\/\/radixcloud.com\/fr\/wp-json\/wp\/v2\/pages\/28\/revisions\/7894"}],"wp:attachment":[{"href":"https:\/\/radixcloud.com\/fr\/wp-json\/wp\/v2\/media?parent=28"}],"curies":[{"name":"wp","href":"https:\/\/api.w.org\/{rel}","templated":true}]}}